{"id":14927,"date":"2022-02-03T11:22:19","date_gmt":"2022-02-03T16:22:19","guid":{"rendered":"https:\/\/www.abrasieuro.com\/about-us\/"},"modified":"2022-02-18T09:58:50","modified_gmt":"2022-02-18T14:58:50","slug":"about-us","status":"publish","type":"page","link":"https:\/\/www.abrasieuro.com\/en\/about-us\/","title":{"rendered":"About us"},"content":{"rendered":"\n<h1>\n\t\tEn d\u00e9couvrir d&#8217;avantage sur nous\n\t<\/h1>\n<h4>\n\t\tEntreprise familiale, AbrasiEuro cumule plus de 50 ans d&#8217;exp\u00e9rience en abrasif.\n\t<\/h4>\n\t\t\t\t<img loading=\"lazy\" decoding=\"async\" src=\"https:\/\/www.abrasieuro.com\/wp-content\/uploads\/2021\/12\/AbrasiEuro-Equipes.jpg\" alt=\"AbrasiEuro - \u00c9quipe\" itemprop=\"image\" height=\"670\" width=\"1001\" title=\"AbrasiEuro - \u00c9quipe\" onerror=\"this.style.display='none'\"  \/>\n<h1>\n\t\tNotre <br \/> \u00e9quipe\n\t<\/h1>\n\t<p>Entreprise familiale, AbrasiEuro cumule plus de 50 ans d&#8217;exp\u00e9rience en abrasif de toute sorte. Notre fiert\u00e9 est d&#8217;offrir des produits de qualit\u00e9 \u00e0 des prix plus que comp\u00e9titifs. Notre but est de vous aider \u00e0 obtenir les meilleurs r\u00e9sultats tout en optimisant votre production et en gardant les couts de production bas. Nous sommes disponibles pour r\u00e9pondre \u00e0 vos questions du lundi au vendredi de 8h30 \u00e0 16h. Les commandes de produits en inventaire re\u00e7ues avant midi seront livr\u00e9es la journ\u00e9e m\u00eame.<\/p>\n<h1>\n\t\tNotre<br \/>entreprise\n\t<\/h1>\n\t<h6>Nous sommes l&#8217;entreprise qui r\u00e9pond aux demandes sp\u00e9cifiques du client. Notre exp\u00e9rience vous aidera \u00e0 faire grandir votre entreprise, tout en diminuant vos co\u00fbts.<\/h6>\n<h1>\n\t\tNos<br \/>produits\n\t<\/h1>\n\t<h6>Tous nos produits, de la conception \u00e0 la production, sont inspect\u00e9s individuellement afin de vous offrir des produits d&#8217;une qualit\u00e9 sup\u00e9rieure.<\/h6>\n<h1>\n\t\tNotre<br \/>mission\n\t<\/h1>\n\t<p>Devenir le premier fournisseur Nord-Am\u00e9ricain r\u00e9pondant aux besoins de nos clients, tout en respectant un d\u00e9lai de livraison rapide.<\/p>\n<h1>\n\t\tNos <br \/> partenaires\n\t<\/h1>\n\t<h4>Nous importons des produits de qualit\u00e9 sup\u00e9rieure \u00e0 des prix exceptionnels.<\/h4>\n                    <a href=\"https:\/\/awuko.com\/index.html\" target=\"_blank\" rel=\"nofollow noopener\">\n\t\t\t\t\t\t\t<img decoding=\"async\" src=\"https:\/\/www.abrasieuro.com\/wp-content\/uploads\/2021\/10\/Awuko.jpg\" alt=\"https:\/\/www.abrasieuro.com\/wp-content\/uploads\/2021\/10\/Awuko.jpg\" data-no-lazy=\"1\" \/>\n                            <\/a>\n                    <a href=\"https:\/\/www.boeck-technology.de\/\" target=\"_blank\" rel=\"nofollow noopener\">\n\t\t\t\t\t\t\t<img decoding=\"async\" src=\"https:\/\/www.abrasieuro.com\/wp-content\/uploads\/2021\/10\/boeck.png\" alt=\"https:\/\/www.abrasieuro.com\/wp-content\/uploads\/2021\/10\/boeck.png\" data-no-lazy=\"1\" \/>\n                            <\/a>\n                    <a href=\"http:\/\/flexifoam.com\/\" target=\"_blank\" rel=\"nofollow noopener\">\n\t\t\t\t\t\t\t<img decoding=\"async\" src=\"https:\/\/www.abrasieuro.com\/wp-content\/uploads\/2021\/10\/Flexifoam-Origineel-logo-transp.png\" alt=\"https:\/\/www.abrasieuro.com\/wp-content\/uploads\/2021\/10\/Flexifoam-Origineel-logo-transp.png\" data-no-lazy=\"1\" \/>\n                            <\/a>\n                    <a href=\"mirka.com\" target=\"_blank\" rel=\"nofollow noopener\">\n\t\t\t\t\t\t\t<img decoding=\"async\" src=\"https:\/\/www.abrasieuro.com\/wp-content\/uploads\/2021\/10\/Mirka.png\" alt=\"https:\/\/www.abrasieuro.com\/wp-content\/uploads\/2021\/10\/Mirka.png\" data-no-lazy=\"1\" \/>\n                            <\/a>\n                    <a href=\"http:\/\/www.nastroflex.it\/\" target=\"_blank\" rel=\"nofollow noopener\">\n\t\t\t\t\t\t\t<img decoding=\"async\" src=\"https:\/\/www.abrasieuro.com\/wp-content\/uploads\/2021\/10\/nastroflex-300x62-1.jpg\" alt=\"https:\/\/www.abrasieuro.com\/wp-content\/uploads\/2021\/10\/nastroflex-300x62-1.jpg\" data-no-lazy=\"1\" \/>\n                            <\/a>\n                    <a href=\"https:\/\/polishstyl.com.pl\/\" target=\"_blank\" rel=\"nofollow noopener\">\n\t\t\t\t\t\t\t<img decoding=\"async\" src=\"https:\/\/www.abrasieuro.com\/wp-content\/uploads\/2021\/10\/PolishStyl.jpg\" alt=\"https:\/\/www.abrasieuro.com\/wp-content\/uploads\/2021\/10\/PolishStyl.jpg\" data-no-lazy=\"1\" \/>\n                            <\/a>\n<h1>\n\t\tNous <br \/> contacter\n\t<\/h1>\n\t\t<ul>\n\t\t\t\t\t<li>\n\t\t\t\t\t<a href=\"tel:+14503785955\" target=\"_blank\" rel=\"noopener\">\n\t\t\t\t<p>450.378.5955<\/p>\n\t\t\t\t\t<\/a>\n\t\t\t<\/li>\n\t\t\t\t\t<li>\n\t\t\t\t\t<a href=\"mailto:info@abrasieuro.com\" target=\"_blank\" rel=\"noopener\">\n\t\t\t\t<p>info@abrasieuro.com<\/p>\n\t\t\t\t\t<\/a>\n\t\t\t<\/li>\n\t\t\t\t\t<li>\n\t\t\t\t\t<a href=\"https:\/\/www.google.com\/maps\/place\/231+Rue+St+Charles+S+Bureau+339,+Granby,+QC+J2G+3W5\/@45.3951877,-72.7360708,17z\/data=!4m13!1m7!3m6!1s0x4cc9ce4ec9897f3b:0x32681f2cee9919ee!2s231+Rue+St+Charles+S+Bureau+339,+Granby,+QC+J2G+3W5!3b1!8m2!3d45.3951877!4d-72.7338821!3m4!1s0x4cc9ce4ec9897f3b:0x32681f2cee9919ee!8m2!3d45.3951877!4d-72.7338821\" target=\"_blank\" rel=\"noopener nofollow\">\n\t\t\t\t<p>231 Saint-Charles Sud Bureau 339, Granby, Qu\u00e9bec, J2G 9M6<\/p>\n\t\t\t\t\t<\/a>\n\t\t\t<\/li>\n\t\t\t\t<\/ul>\n\n","protected":false},"excerpt":{"rendered":"<p>En d\u00e9couvrir d&#8217;avantage sur nous Entreprise familiale, AbrasiEuro cumule plus de 50 ans d&#8217;exp\u00e9rience en abrasif. Notre \u00e9quipe Entreprise familiale, AbrasiEuro cumule plus de 50 ans d&#8217;exp\u00e9rience en abrasif de toute sorte. Notre fiert\u00e9 est d&#8217;offrir des produits de qualit\u00e9 \u00e0 des prix plus que comp\u00e9titifs. Notre but est de vous aider \u00e0 obtenir les [&hellip;]<\/p>\n","protected":false},"author":1,"featured_media":0,"parent":0,"menu_order":4,"comment_status":"closed","ping_status":"closed","template":"","meta":{"_acf_changed":false,"inline_featured_image":false,"site-sidebar-layout":"no-sidebar","site-content-layout":"page-builder","ast-site-content-layout":"default","site-content-style":"default","site-sidebar-style":"default","ast-global-header-display":"","ast-banner-title-visibility":"","ast-main-header-display":"","ast-hfb-above-header-display":"","ast-hfb-below-header-display":"","ast-hfb-mobile-header-display":"","site-post-title":"disabled","ast-breadcrumbs-content":"disabled","ast-featured-img":"disabled","footer-sml-layout":"","ast-disable-related-posts":"","theme-transparent-header-meta":"default","adv-header-id-meta":"","stick-header-meta":"default","header-above-stick-meta":"","header-main-stick-meta":"","header-below-stick-meta":"","astra-migrate-meta-layouts":"default","ast-page-background-enabled":"default","ast-page-background-meta":{"desktop":{"background-color":"","background-image":"","background-repeat":"repeat","background-position":"center center","background-size":"auto","background-attachment":"scroll","background-type":"","background-media":"","overlay-type":"","overlay-color":"","overlay-opacity":"","overlay-gradient":""},"tablet":{"background-color":"","background-image":"","background-repeat":"repeat","background-position":"center center","background-size":"auto","background-attachment":"scroll","background-type":"","background-media":"","overlay-type":"","overlay-color":"","overlay-opacity":"","overlay-gradient":""},"mobile":{"background-color":"","background-image":"","background-repeat":"repeat","background-position":"center center","background-size":"auto","background-attachment":"scroll","background-type":"","background-media":"","overlay-type":"","overlay-color":"","overlay-opacity":"","overlay-gradient":""}},"ast-content-background-meta":{"desktop":{"background-color":"var(--ast-global-color-5)","background-image":"","background-repeat":"repeat","background-position":"center center","background-size":"auto","background-attachment":"scroll","background-type":"","background-media":"","overlay-type":"","overlay-color":"","overlay-opacity":"","overlay-gradient":""},"tablet":{"background-color":"var(--ast-global-color-5)","background-image":"","background-repeat":"repeat","background-position":"center center","background-size":"auto","background-attachment":"scroll","background-type":"","background-media":"","overlay-type":"","overlay-color":"","overlay-opacity":"","overlay-gradient":""},"mobile":{"background-color":"var(--ast-global-color-5)","background-image":"","background-repeat":"repeat","background-position":"center center","background-size":"auto","background-attachment":"scroll","background-type":"","background-media":"","overlay-type":"","overlay-color":"","overlay-opacity":"","overlay-gradient":""}},"footnotes":""},"class_list":["post-14927","page","type-page","status-publish","hentry"],"acf":[],"_links":{"self":[{"href":"https:\/\/www.abrasieuro.com\/en\/wp-json\/wp\/v2\/pages\/14927","targetHints":{"allow":["GET"]}}],"collection":[{"href":"https:\/\/www.abrasieuro.com\/en\/wp-json\/wp\/v2\/pages"}],"about":[{"href":"https:\/\/www.abrasieuro.com\/en\/wp-json\/wp\/v2\/types\/page"}],"author":[{"embeddable":true,"href":"https:\/\/www.abrasieuro.com\/en\/wp-json\/wp\/v2\/users\/1"}],"replies":[{"embeddable":true,"href":"https:\/\/www.abrasieuro.com\/en\/wp-json\/wp\/v2\/comments?post=14927"}],"version-history":[{"count":0,"href":"https:\/\/www.abrasieuro.com\/en\/wp-json\/wp\/v2\/pages\/14927\/revisions"}],"wp:attachment":[{"href":"https:\/\/www.abrasieuro.com\/en\/wp-json\/wp\/v2\/media?parent=14927"}],"curies":[{"name":"wp","href":"https:\/\/api.w.org\/{rel}","templated":true}]}}