{"id":14929,"date":"2022-02-03T11:43:40","date_gmt":"2022-02-03T16:43:40","guid":{"rendered":"https:\/\/www.abrasieuro.com\/our-products\/"},"modified":"2022-02-18T11:25:22","modified_gmt":"2022-02-18T16:25:22","slug":"our-products","status":"publish","type":"page","link":"https:\/\/www.abrasieuro.com\/en\/our-products\/","title":{"rendered":"Our products"},"content":{"rendered":"\n<h1>\n\t\tNos produits de qualit\u00e9 sup\u00e9rieur\n\t<\/h1>\n<h4>\n\t\tTous nos produits de sablage, de la conception \u00e0 la production, sont inspect\u00e9s individuellement afin de vous offrir des produits d&#8217;une qualit\u00e9 sup\u00e9rieure.\n\t<\/h4>\n\t<ul>\n\t\t\t<li>\n\t\t\t<h4>\n\t\t\t\t<a href=\"#courroies\" target=\"_self\" data-hover=\"Courroies abrasives\" rel=\"noopener\">Courroies abrasives<\/a>\n\t\t\t<\/h4>\n\t\t<\/li>\n\t\t\t\t\t<li>\n\t\t\t<h4>\n\t\t\t\t<a href=\"#graphite\" target=\"_self\" data-hover=\"Graphite\" rel=\"noopener\">Graphite<\/a>\n\t\t\t<\/h4>\n\t\t<\/li>\n\t\t\t\t\t<li>\n\t\t\t<h4>\n\t\t\t\t<a href=\"#eponge\" target=\"_self\" data-hover=\"\u00c9ponge\" rel=\"noopener\">\u00c9ponge<\/a>\n\t\t\t<\/h4>\n\t\t<\/li>\n\t\t\t\t\t<li>\n\t\t\t<h4>\n\t\t\t\t<a href=\"#ebavurage\" target=\"_self\" data-hover=\"Disque \u00e9bavurage\" rel=\"noopener\">Disque \u00e9bavurage<\/a>\n\t\t\t<\/h4>\n\t\t<\/li>\n\t\t\t\t\t<li>\n\t\t\t<h4>\n\t\t\t\t<a href=\"#disques\" target=\"_self\" data-hover=\"Disques\" rel=\"noopener\">Disques<\/a>\n\t\t\t<\/h4>\n\t\t<\/li>\n\t\t\t\t\t<li>\n\t\t\t<h4>\n\t\t\t\t<a href=\"#brosses\" target=\"_self\" data-hover=\"Brosses\" rel=\"noopener\">Brosses<\/a>\n\t\t\t<\/h4>\n\t\t<\/li>\n\t\t\t\t<\/ul>\n\t\t\t\t<img loading=\"lazy\" decoding=\"async\" src=\"https:\/\/www.abrasieuro.com\/wp-content\/uploads\/2021\/09\/AbrasiEuro-Produits-Courroies-2.jpg\" alt=\"AbrasiEuro - Produits - Courroies\" itemprop=\"image\" height=\"300\" width=\"500\" title=\"AbrasiEuro - Produits - Courroies\" onerror=\"this.style.display='none'\"  \/>\n<h2>\n\t\tCourroies abrasives\n\t<\/h2>\n\t<p>Nos courroies sont joint\u00e9es en usine lors de la fabrication, directement chez le manufacturier en Europe, ce qui vous permettra de toujours avoir un pon\u00e7age uniforme sans coup de frappe et une production accrue.<\/p>\n<h2>\n\t\tGraphite\n\t<\/h2>\n\t<p>Produit de graphite pour r\u00e9duire la friction et la chaleur. Disponible dans plusieurs largeurs et longueurs.\u00a0<\/p>\n\t\t\t\t<img loading=\"lazy\" decoding=\"async\" src=\"https:\/\/www.abrasieuro.com\/wp-content\/uploads\/2022\/01\/AbrasiEuro-Produits-Graphite-3.jpg\" alt=\"AbrasiEuro - Produits - Graphite\" itemprop=\"image\" height=\"300\" width=\"500\" title=\"AbrasiEuro - Produits - Graphite\" onerror=\"this.style.display='none'\"  \/>\n\t\t\t\t<img loading=\"lazy\" decoding=\"async\" src=\"https:\/\/www.abrasieuro.com\/wp-content\/uploads\/2021\/12\/AbrasiEuro-Produits-Eponge.jpg\" alt=\"AbrasiEuro - Produits - \u00c9ponges\" itemprop=\"image\" height=\"300\" width=\"500\" title=\"AbrasiEuro - Produits - \u00c9ponges\" onerror=\"this.style.display='none'\"  \/>\n<h2>\n\t\t\u00c9ponge\n\t<\/h2>\n\t<p>Parfait pour le sablage demandant plus de minutie, les \u00e9ponges, blocs et rouleaux sont disponibles en de nombreux grains, grandeurs et format. Peuvent \u00eatre utilis\u00e9 pour le sablage \u00e0 sec et mouill\u00e9.<\/p>\n<h1>\n\t\tAvez-vous des questions?\n\t<\/h1>\n<h2>\n\t\tIl nous fera plaisir d&#8217;y r\u00e9pondre.\n\t<\/h2>\n\t\t\t<a href=\"https:\/\/www.abrasieuro.com\/contact\/\" target=\"_self\" role=\"button\" rel=\"noopener\">\n\t\t\t\t\t\t\tContactez-nous\n\t\t\t\t\t<\/a>\n<h2>\n\t\tDisque d&#8217;\u00e9bavurage\n\t<\/h2>\n\t<p>La gamme de disque, brosses, roues et brosses d&#8217;\u00e9bavurages est parfaite pour tous les besoins de sablage de m\u00e9tal.<\/p>\n\t\t\t\t<img loading=\"lazy\" decoding=\"async\" src=\"https:\/\/www.abrasieuro.com\/wp-content\/uploads\/2021\/12\/AbrasiEuro-Produits-Disque-Ebavurage.jpg\" alt=\"AbrasiEuro - Produits - Disques \u00e9bavurage\" itemprop=\"image\" height=\"300\" width=\"500\" title=\"AbrasiEuro - Produits - Disques \u00e9bavurage\" onerror=\"this.style.display='none'\"  \/>\n<h2>\n\t\tDisques\n\t<\/h2>\n<p>Nous avons un assortiment complet de disques abrasifs pour subvenir \u00e0 vos besoins.<\/p>\n\t\t\t\t\t\t<h6 tabindex=\"0\">Abranet<\/h6>\n\t\t\t<p>Premier support multifonctions de la gamme Net, il convient particuli\u00e8rement au pon\u00e7age du mastic, des primers, des lacques, des composites et d&#8217;un grand nombre d&#8217;autres mat\u00e9riaux industriels. Abranet associe de hautes performances et une plus longue dur\u00e9e de vie que les abrasifs traditionnels, ce qui le rend particuli\u00e8rement rentable. Con\u00e7u pour un pon\u00e7age \u00e0 sec m\u00e9canique ou manuel, ses v\u00e9ritables propri\u00e9t\u00e9s de pon\u00e7age sans poussi\u00e8re rendent l&#8217;environnement de travail plus propre et am\u00e9liorent la finition des supports.<\/p>\n\t\t\t\t\t\t<h6 tabindex=\"0\">CA331<\/h6>\n\t\t\t<p>Disque avec endos papier, poids C et velcro, oxyde d&#8217;aluminium avec rev\u00eatement st\u00e9arate, structure ouverte r\u00e9sistante \u00e0 l&#8217;encrassement permettant d&#8217;optimiser la dur\u00e9e de vie et diminuer les couts de production. Ratio qualit\u00e9\/prix exceptionnel. Sablage sec. Disponible dans le 5&#8221; ou le 6&#8221;, avec ou sans trou et dans de multiple grain.<\/p>\n\t\t\t\t\t\t<h6 tabindex=\"0\">Iridium<\/h6>\n\t\t\t<p>Iridium est un abrasif papier haute qualit\u00e9, destin\u00e9 \u00e0 un pon\u00e7age universel. Optimis\u00e9 pour une action rapide et efficace, il associe, sur un support papier flexible, des grains c\u00e9ramiques et d&#8217;oxyde d&#8217;aluminium. Son nouveau poudrage haute pr\u00e9cision emp\u00eache l&#8217;encrassement et la formation d&#8217;agr\u00e9gats. Ces caract\u00e9ristiques lui conf\u00e8rent une r\u00e9sistance accrue \u00e0 l&#8217;usure, une capacit\u00e9 \u00e0 repousser la poussi\u00e8re et un pouvoir de coupe des grains longue dur\u00e9e. Sa multiperforation exclusive rend l&#8217;extraction de la poussi\u00e8re encore plus efficace. Les disques et coupes Iridium offrent des r\u00e9sultats de finition parfaites aussi bien sur les surfaces tendres que dures, et fait de cet abrasif papier le choix id\u00e9al pour tous les professionnels.<\/p>\n\t\t\t\t\t\t<h6 tabindex=\"0\">SA331<\/h6>\n\t\t\t<p>Disque avec endos film PE, velcro. Grain d&#8217;oxyde d&#8217;aluminium avec rev\u00eatement st\u00e9arate, structure ouverte r\u00e9sistante \u00e0 l&#8217;encrassement permettant d&#8217;optimiser la dur\u00e9e de vie et diminuer les couts de production. Ratio qualit\u00e9\/prix exceptionnel. Sablage mouill\u00e9 ou sec. Disponible dans le 5&#8221; ou 6&#8221;, dans de multiple grain.\u00a0<\/p>\n<h2>\n\t\tBrosses\n\t<\/h2>\n\t<p>Nos brosses flexibles sont l&#8217;outil parfait pour la ligne de production ou le sablage manuel. Offertes dans une vari\u00e9t\u00e9 de mat\u00e9riel, grains et coupes, vous \u00eates assurer de trouver la brosse parfait pour un sablage optimal.<\/p>\n\t\t\t\t<img loading=\"lazy\" decoding=\"async\" src=\"https:\/\/www.abrasieuro.com\/wp-content\/uploads\/2021\/12\/AbrasiEuro-Produits-Brosses.jpg\" alt=\"AbrasiEuro - Produits - Brosses\" itemprop=\"image\" height=\"300\" width=\"500\" title=\"AbrasiEuro - Produits - Brosses\" onerror=\"this.style.display='none'\"  \/>\n<h2>\n\t\tD\u00e9couvrez en plus sur la fabrication des brosses\n\t<\/h2>\n\t<iframe allowfullscreen allow=\"autoplay\" src=\"https:\/\/player.vimeo.com\/video\/625418821?color&amp;autopause=0&amp;loop=1&amp;muted=0&amp;title=0&amp;portrait=0&amp;byline=0#t=\"><\/iframe>\t\n<h1>\n\t\tNous <br \/> contacter\n\t<\/h1>\n\t\t<ul>\n\t\t\t\t\t<li>\n\t\t\t\t\t<a href=\"tel:+14503785955\" target=\"_blank\" rel=\"noopener\">\n\t\t\t\t<p>450.378.5955<\/p>\n\t\t\t\t\t<\/a>\n\t\t\t<\/li>\n\t\t\t\t\t<li>\n\t\t\t\t\t<a href=\"mailto:info@abrasieuro.com\" target=\"_blank\" rel=\"noopener\">\n\t\t\t\t<p>info@abrasieuro.com<\/p>\n\t\t\t\t\t<\/a>\n\t\t\t<\/li>\n\t\t\t\t\t<li>\n\t\t\t\t\t<a href=\"https:\/\/www.google.com\/maps\/place\/231+Rue+St+Charles+S+Bureau+339,+Granby,+QC+J2G+3W5\/@45.3951877,-72.7360708,17z\/data=!4m13!1m7!3m6!1s0x4cc9ce4ec9897f3b:0x32681f2cee9919ee!2s231+Rue+St+Charles+S+Bureau+339,+Granby,+QC+J2G+3W5!3b1!8m2!3d45.3951877!4d-72.7338821!3m4!1s0x4cc9ce4ec9897f3b:0x32681f2cee9919ee!8m2!3d45.3951877!4d-72.7338821\" target=\"_blank\" rel=\"noopener nofollow\">\n\t\t\t\t<p>231 Saint-Charles Sud Bureau 339, Granby, Qu\u00e9bec, J2G 9M6<\/p>\n\t\t\t\t\t<\/a>\n\t\t\t<\/li>\n\t\t\t\t<\/ul>\n\n","protected":false},"excerpt":{"rendered":"<p>Nos produits de qualit\u00e9 sup\u00e9rieur Tous nos produits de sablage, de la conception \u00e0 la production, sont inspect\u00e9s individuellement afin de vous offrir des produits d&#8217;une qualit\u00e9 sup\u00e9rieure. Courroies abrasives Graphite \u00c9ponge Disque \u00e9bavurage Disques Brosses Courroies abrasives Nos courroies sont joint\u00e9es en usine lors de la fabrication, directement chez le manufacturier en Europe, ce [&hellip;]<\/p>\n","protected":false},"author":1,"featured_media":0,"parent":0,"menu_order":5,"comment_status":"closed","ping_status":"closed","template":"","meta":{"_acf_changed":false,"inline_featured_image":false,"site-sidebar-layout":"no-sidebar","site-content-layout":"page-builder","ast-site-content-layout":"default","site-content-style":"default","site-sidebar-style":"default","ast-global-header-display":"","ast-banner-title-visibility":"","ast-main-header-display":"","ast-hfb-above-header-display":"","ast-hfb-below-header-display":"","ast-hfb-mobile-header-display":"","site-post-title":"disabled","ast-breadcrumbs-content":"disabled","ast-featured-img":"disabled","footer-sml-layout":"","ast-disable-related-posts":"","theme-transparent-header-meta":"default","adv-header-id-meta":"","stick-header-meta":"default","header-above-stick-meta":"","header-main-stick-meta":"","header-below-stick-meta":"","astra-migrate-meta-layouts":"default","ast-page-background-enabled":"default","ast-page-background-meta":{"desktop":{"background-color":"","background-image":"","background-repeat":"repeat","background-position":"center center","background-size":"auto","background-attachment":"scroll","background-type":"","background-media":"","overlay-type":"","overlay-color":"","overlay-opacity":"","overlay-gradient":""},"tablet":{"background-color":"","background-image":"","background-repeat":"repeat","background-position":"center center","background-size":"auto","background-attachment":"scroll","background-type":"","background-media":"","overlay-type":"","overlay-color":"","overlay-opacity":"","overlay-gradient":""},"mobile":{"background-color":"","background-image":"","background-repeat":"repeat","background-position":"center center","background-size":"auto","background-attachment":"scroll","background-type":"","background-media":"","overlay-type":"","overlay-color":"","overlay-opacity":"","overlay-gradient":""}},"ast-content-background-meta":{"desktop":{"background-color":"var(--ast-global-color-5)","background-image":"","background-repeat":"repeat","background-position":"center center","background-size":"auto","background-attachment":"scroll","background-type":"","background-media":"","overlay-type":"","overlay-color":"","overlay-opacity":"","overlay-gradient":""},"tablet":{"background-color":"var(--ast-global-color-5)","background-image":"","background-repeat":"repeat","background-position":"center center","background-size":"auto","background-attachment":"scroll","background-type":"","background-media":"","overlay-type":"","overlay-color":"","overlay-opacity":"","overlay-gradient":""},"mobile":{"background-color":"var(--ast-global-color-5)","background-image":"","background-repeat":"repeat","background-position":"center center","background-size":"auto","background-attachment":"scroll","background-type":"","background-media":"","overlay-type":"","overlay-color":"","overlay-opacity":"","overlay-gradient":""}},"footnotes":""},"class_list":["post-14929","page","type-page","status-publish","hentry"],"acf":[],"_links":{"self":[{"href":"https:\/\/www.abrasieuro.com\/en\/wp-json\/wp\/v2\/pages\/14929","targetHints":{"allow":["GET"]}}],"collection":[{"href":"https:\/\/www.abrasieuro.com\/en\/wp-json\/wp\/v2\/pages"}],"about":[{"href":"https:\/\/www.abrasieuro.com\/en\/wp-json\/wp\/v2\/types\/page"}],"author":[{"embeddable":true,"href":"https:\/\/www.abrasieuro.com\/en\/wp-json\/wp\/v2\/users\/1"}],"replies":[{"embeddable":true,"href":"https:\/\/www.abrasieuro.com\/en\/wp-json\/wp\/v2\/comments?post=14929"}],"version-history":[{"count":0,"href":"https:\/\/www.abrasieuro.com\/en\/wp-json\/wp\/v2\/pages\/14929\/revisions"}],"wp:attachment":[{"href":"https:\/\/www.abrasieuro.com\/en\/wp-json\/wp\/v2\/media?parent=14929"}],"curies":[{"name":"wp","href":"https:\/\/api.w.org\/{rel}","templated":true}]}}