{"id":14931,"date":"2022-02-03T11:48:54","date_gmt":"2022-02-03T16:48:54","guid":{"rendered":"https:\/\/www.abrasieuro.com\/contact\/"},"modified":"2024-02-08T15:17:50","modified_gmt":"2024-02-08T20:17:50","slug":"contact","status":"publish","type":"page","link":"https:\/\/www.abrasieuro.com\/en\/contact\/","title":{"rendered":"Contact"},"content":{"rendered":"\n<h1>\n\t\tAvez-vous des questions?\n\t<\/h1>\n<h4>\n\t\tIl nous fera plaisir de r\u00e9pondre \u00e0 toutes vos interrogations concernant nos services et produits abrasifs. N&#8217;h\u00e9sitez pas pour communiquer avec nous!\n\t<\/h4>\n\t\t\t\t<img loading=\"lazy\" decoding=\"async\" src=\"https:\/\/www.abrasieuro.com\/wp-content\/uploads\/2021\/08\/cropped-AbrasiEuro-Logo-Rouge-Blanc.png\" alt=\"AbrasiEuro\" itemprop=\"image\" height=\"512\" width=\"512\" title=\"AbrasiEuro\" onerror=\"this.style.display='none'\"  \/>\n\t\t<ul>\n\t\t\t\t\t<li>\n\t\t\t\t\t<a href=\"tel:+14503785955\" target=\"_blank\" rel=\"noopener\">\n\t\t\t\t<p>450.378.5955<\/p>\n\t\t\t\t\t<\/a>\n\t\t\t<\/li>\n\t\t\t\t\t<li>\n\t\t\t\t\t<a href=\"mailto:info@abrasieuro.com\" target=\"_blank\" rel=\"noopener\">\n\t\t\t\t<p>info@abrasieuro.com<\/p>\n\t\t\t\t\t<\/a>\n\t\t\t<\/li>\n\t\t\t\t\t<li>\n\t\t\t\t\t<a href=\"https:\/\/www.google.com\/maps\/place\/231+Rue+St+Charles+S+Bureau+339,+Granby,+QC+J2G+3W5\/data=!4m2!3m1!1s0x4cc9ce4ec9897f3b:0x32681f2cee9919ee?sa=X&#038;ved=2ahUKEwiWkouk38L0AhVsSzABHVO5AXwQ8gF6BAgSEAE\" target=\"_blank\" rel=\"noopener nofollow\">\n\t\t\t\t<p>231 Saint-Charles Sud Bureau 339, Granby, Qu\u00e9bec, J2G 9M6.<\/p>\n\t\t\t\t\t<\/a>\n\t\t\t<\/li>\n\t\t\t\t<\/ul>\n\t<p>Que vous ayez des questions sur nos courroies, disques, brosses ou \u00e9ponge, nous vous offrirons les meilleurs conseils pour les <a href=\"https:\/\/www.abrasieuro.com\/produits-de-sablage-qualite-superieur\/\">produits<\/a> abrasifs dont vous avez besoin.<\/p>\n\n","protected":false},"excerpt":{"rendered":"<p>Avez-vous des questions? Il nous fera plaisir de r\u00e9pondre \u00e0 toutes vos interrogations concernant nos services et produits abrasifs. N&#8217;h\u00e9sitez pas pour communiquer avec nous! 450.378.5955 info@abrasieuro.com 231 Saint-Charles Sud Bureau 339, Granby, Qu\u00e9bec, J2G 9M6. Que vous ayez des questions sur nos courroies, disques, brosses ou \u00e9ponge, nous vous offrirons les meilleurs conseils pour [&hellip;]<\/p>\n","protected":false},"author":1,"featured_media":0,"parent":0,"menu_order":6,"comment_status":"closed","ping_status":"closed","template":"","meta":{"_acf_changed":false,"inline_featured_image":false,"site-sidebar-layout":"no-sidebar","site-content-layout":"page-builder","ast-site-content-layout":"default","site-content-style":"default","site-sidebar-style":"default","ast-global-header-display":"","ast-banner-title-visibility":"","ast-main-header-display":"","ast-hfb-above-header-display":"","ast-hfb-below-header-display":"","ast-hfb-mobile-header-display":"","site-post-title":"disabled","ast-breadcrumbs-content":"disabled","ast-featured-img":"disabled","footer-sml-layout":"","ast-disable-related-posts":"","theme-transparent-header-meta":"default","adv-header-id-meta":"","stick-header-meta":"default","header-above-stick-meta":"","header-main-stick-meta":"","header-below-stick-meta":"","astra-migrate-meta-layouts":"default","ast-page-background-enabled":"default","ast-page-background-meta":{"desktop":{"background-color":"","background-image":"","background-repeat":"repeat","background-position":"center center","background-size":"auto","background-attachment":"scroll","background-type":"","background-media":"","overlay-type":"","overlay-color":"","overlay-opacity":"","overlay-gradient":""},"tablet":{"background-color":"","background-image":"","background-repeat":"repeat","background-position":"center center","background-size":"auto","background-attachment":"scroll","background-type":"","background-media":"","overlay-type":"","overlay-color":"","overlay-opacity":"","overlay-gradient":""},"mobile":{"background-color":"","background-image":"","background-repeat":"repeat","background-position":"center center","background-size":"auto","background-attachment":"scroll","background-type":"","background-media":"","overlay-type":"","overlay-color":"","overlay-opacity":"","overlay-gradient":""}},"ast-content-background-meta":{"desktop":{"background-color":"var(--ast-global-color-5)","background-image":"","background-repeat":"repeat","background-position":"center center","background-size":"auto","background-attachment":"scroll","background-type":"","background-media":"","overlay-type":"","overlay-color":"","overlay-opacity":"","overlay-gradient":""},"tablet":{"background-color":"var(--ast-global-color-5)","background-image":"","background-repeat":"repeat","background-position":"center center","background-size":"auto","background-attachment":"scroll","background-type":"","background-media":"","overlay-type":"","overlay-color":"","overlay-opacity":"","overlay-gradient":""},"mobile":{"background-color":"var(--ast-global-color-5)","background-image":"","background-repeat":"repeat","background-position":"center center","background-size":"auto","background-attachment":"scroll","background-type":"","background-media":"","overlay-type":"","overlay-color":"","overlay-opacity":"","overlay-gradient":""}},"footnotes":""},"class_list":["post-14931","page","type-page","status-publish","hentry"],"acf":[],"_links":{"self":[{"href":"https:\/\/www.abrasieuro.com\/en\/wp-json\/wp\/v2\/pages\/14931","targetHints":{"allow":["GET"]}}],"collection":[{"href":"https:\/\/www.abrasieuro.com\/en\/wp-json\/wp\/v2\/pages"}],"about":[{"href":"https:\/\/www.abrasieuro.com\/en\/wp-json\/wp\/v2\/types\/page"}],"author":[{"embeddable":true,"href":"https:\/\/www.abrasieuro.com\/en\/wp-json\/wp\/v2\/users\/1"}],"replies":[{"embeddable":true,"href":"https:\/\/www.abrasieuro.com\/en\/wp-json\/wp\/v2\/comments?post=14931"}],"version-history":[{"count":1,"href":"https:\/\/www.abrasieuro.com\/en\/wp-json\/wp\/v2\/pages\/14931\/revisions"}],"predecessor-version":[{"id":14999,"href":"https:\/\/www.abrasieuro.com\/en\/wp-json\/wp\/v2\/pages\/14931\/revisions\/14999"}],"wp:attachment":[{"href":"https:\/\/www.abrasieuro.com\/en\/wp-json\/wp\/v2\/media?parent=14931"}],"curies":[{"name":"wp","href":"https:\/\/api.w.org\/{rel}","templated":true}]}}